{"id":23,"date":"2015-03-31T00:42:50","date_gmt":"2015-03-30T22:42:50","guid":{"rendered":"http:\/\/egonbrandstetter.de\/?page_id=23"},"modified":"2022-05-24T17:43:36","modified_gmt":"2022-05-24T15:43:36","slug":"legal-notice","status":"publish","type":"page","link":"https:\/\/egonbrandstetter.de\/en\/legal-notice\/","title":{"rendered":"Legal Notice"},"content":{"rendered":"<p><div class=\"fusion-fullwidth fullwidth-box fusion-builder-row-1 hundred-percent-fullwidth non-hundred-percent-height-scrolling\" style=\"--awb-border-radius-top-left:0px;--awb-border-radius-top-right:0px;--awb-border-radius-bottom-right:0px;--awb-border-radius-bottom-left:0px;--awb-padding-top:2%;--awb-padding-right:5%;--awb-padding-bottom:2%;--awb-padding-left:5%;--awb-background-color:#efefef;--awb-border-sizes-top:0px;--awb-border-sizes-bottom:0px;--awb-flex-wrap:wrap;\" ><div class=\"fusion-builder-row fusion-row\"><div class=\"fusion-layout-column fusion_builder_column fusion-builder-column-0 fusion_builder_column_1_1 1_1 fusion-one-full fusion-column-first fusion-column-last fusion-column-no-min-height\" style=\"--awb-bg-size:cover;--awb-margin-bottom:0px;\"><div class=\"fusion-column-wrapper fusion-flex-column-wrapper-legacy\"><div class=\"fusion-text fusion-text-1\"><h1 style=\"text-align: left;\">Legal Notice<\/h1>\n<p style=\"text-align: left;\">Brandstetter &amp; Straub GbR<br \/>\nBespoke Tailoring Berlin<br \/>\nChausseestra\u00dfe 50, 10115 Berlin, Germany<br \/>\nPartners: Egon Brandstetter and Mark Straub<\/p>\n<p style=\"text-align: left;\">Telephone: <a href=\"tel:\/\/+493095618383\">+49 30 95 61 83 83<\/a><\/p>\n<p>Email: <a href=\"mailto:info@egonbrandstetter.de\">info@egonbrandstetter.de<\/a><br \/>\nWeb: <a href=\"https:\/\/egonbrandstetter.de\/\" target=\"_blank\" rel=\"noopener\">https:\/\/egonbrandstetter.de<\/a><\/p>\n<p style=\"text-align: left;\">VAT-ID according to \u00a7 27 a Value Added Tax Act: DE299543966<br \/>\nRegistered in the Berlin Chamber of Handicrafts (HWK) as bespoke tailor for women and men, Standard Company Number HWK: 121908<\/p>\n<h2 style=\"text-align: left;\">Photography<\/h2>\n<p style=\"text-align: left;\">Henning Moser | <a href=\"https:\/\/www.henningmoser.de\" onclick=\"__gaTracker('send', 'event', 'outbound-article', 'https:\/\/www.henningmoser.de', 'www.henningmoser.de');\" rel=\"nofollow\">www.henningmoser.de<\/a><br \/>\nCarolin Weinkopf | <a href=\"https:\/\/www.carolinweinkopf.de\" onclick=\"__gaTracker('send', 'event', 'outbound-article', 'https:\/\/www.carolinweinkopf.de', 'www.carolinweinkopf.de');\" rel=\"nofollow\">www.carolinweinkopf.de<\/a><\/p>\n<p style=\"text-align: left;\">Responsible with regards to content according to \u00a7 55 Abs. 2 RStV: Brandstetter &amp; Straub GbR (Address as stated above).<\/p>\n<\/div><div class=\"fusion-clearfix\"><\/div><\/div><\/div><\/div><\/div><div class=\"fusion-fullwidth fullwidth-box fusion-builder-row-2 hundred-percent-fullwidth non-hundred-percent-height-scrolling\" style=\"--awb-border-radius-top-left:0px;--awb-border-radius-top-right:0px;--awb-border-radius-bottom-right:0px;--awb-border-radius-bottom-left:0px;--awb-padding-top:2%;--awb-padding-right:5%;--awb-padding-bottom:2%;--awb-padding-left:5%;--awb-margin-bottom:25px;--awb-background-color:#f8f8f8;--awb-flex-wrap:wrap;\" ><div class=\"fusion-builder-row fusion-row\"><div class=\"fusion-layout-column fusion_builder_column fusion-builder-column-1 fusion_builder_column_1_1 1_1 fusion-one-full fusion-column-first fusion-column-last fusion-column-no-min-height\" style=\"--awb-bg-size:cover;--awb-margin-bottom:0px;\"><div class=\"fusion-column-wrapper fusion-flex-column-wrapper-legacy\"><div class=\"fusion-sep-clear\"><\/div><div class=\"fusion-separator fusion-full-width-sep\" style=\"margin-left: auto;margin-right: auto;margin-bottom:15px;width:100%;\"><\/div><div class=\"fusion-sep-clear\"><\/div><div class=\"fusion-text fusion-text-2\"><h2 style=\"text-align: justify;\">Disclaimer<\/h2>\n<h3 style=\"text-align: justify;\">Content<\/h3>\n<p style=\"text-align: justify;\">The author reserves the right not to be responsible for the topicality, correctness, completeness or quality of the information provided. Liability claims regarding damage caused by the use of any information provided, including any kind of information which is incomplete or incorrect, will therefore be rejected. All offers are not-binding and without obligation. Parts of the pages or the complete publication including all offers and information might be extended, changed or partly or completely deleted by the author without separate announcement.<\/p>\n<h3 style=\"text-align: justify;\">Responsibility<\/h3>\n<p style=\"text-align: justify;\">As stated above.<\/p>\n<h3 style=\"text-align: justify;\">Referrals and links<\/h3>\n<p style=\"text-align: justify;\">The author is not responsible for any contents linked or referred to from his pages &#8211; unless he has full knowledge of illegal contents and would be able to prevent the visitors of his site from viewing those pages. If any damage occurs by the use of information presented there, only the author of the respective pages might be liable, not the one who has linked to these pages. Furthermore the author is not liable for any postings or messages published by users of discussion boards, guestbooks or mailing lists provided on his page.<\/p>\n<h3 style=\"text-align: justify;\">Copyright<\/h3>\n<p style=\"text-align: justify;\">\u00a9 Copyright 2013 &#8211; <script>document.write(new Date().getFullYear());<\/script> Brandstetter &amp; Straub GbR: Content, Design, Layout, Name and Logo of https:\/\/egonbrandstetter.de are subject to copyright and other laws for protection of intellectual property. The author intended not to use any copyrighted material for the publication or, if not possible, to indicate the copyright of the respective object. The copyright for any material created by the author is reserved. Any duplication or use of objects such as photos or texts in other electronic or printed publications is not permitted without the owner\/author&#8217;s agreement.<\/p>\n<h3 style=\"text-align: justify;\">Privacy policy<\/h3>\n<p><span lang=\"en\">Our privacy policy has been adjusted in accordance with DSGVO. Further information can be found on our\u00a0<a href=\"https:\/\/egonbrandstetter.de\/en\/data-privacy-statement-eu\/\">data privacy statement (EU)<\/a>\u00a0page.<br \/>\n<\/span><\/p>\n<\/div><div class=\"fusion-clearfix\"><\/div><\/div><\/div><\/div><\/div><\/p>\n","protected":false},"excerpt":{"rendered":"","protected":false},"author":1,"featured_media":0,"parent":0,"menu_order":0,"comment_status":"open","ping_status":"open","template":"","meta":{"_acf_changed":false,"footnotes":""},"class_list":["post-23","page","type-page","status-publish","hentry"],"acf":[],"yoast_head":"<!-- This site is optimized with the Yoast SEO Premium plugin v23.2 (Yoast SEO v23.2) - https:\/\/yoast.com\/wordpress\/plugins\/seo\/ -->\n<title>Legal Notice<\/title>\n<meta name=\"robots\" content=\"index, follow, max-snippet:-1, max-image-preview:large, max-video-preview:-1\" \/>\n<link rel=\"canonical\" href=\"https:\/\/egonbrandstetter.de\/en\/legal-notice\/\" \/>\n<meta property=\"og:locale\" content=\"en_US\" \/>\n<meta property=\"og:type\" content=\"article\" \/>\n<meta property=\"og:title\" content=\"Legal Notice\" \/>\n<meta property=\"og:url\" content=\"https:\/\/egonbrandstetter.de\/en\/legal-notice\/\" \/>\n<meta property=\"article:publisher\" content=\"https:\/\/www.facebook.com\/egonbrandstetter\" \/>\n<meta property=\"article:modified_time\" content=\"2022-05-24T15:43:36+00:00\" \/>\n<meta name=\"twitter:card\" content=\"summary_large_image\" \/>\n<meta name=\"twitter:label1\" content=\"Est. reading time\" \/>\n\t<meta name=\"twitter:data1\" content=\"4 minutes\" \/>\n<script type=\"application\/ld+json\" class=\"yoast-schema-graph\">{\"@context\":\"https:\/\/schema.org\",\"@graph\":[{\"@type\":\"WebPage\",\"@id\":\"https:\/\/egonbrandstetter.de\/en\/legal-notice\/\",\"url\":\"https:\/\/egonbrandstetter.de\/en\/legal-notice\/\",\"name\":\"Legal Notice\",\"isPartOf\":{\"@id\":\"https:\/\/egonbrandstetter.de\/en\/#website\"},\"datePublished\":\"2015-03-30T22:42:50+00:00\",\"dateModified\":\"2022-05-24T15:43:36+00:00\",\"breadcrumb\":{\"@id\":\"https:\/\/egonbrandstetter.de\/en\/legal-notice\/#breadcrumb\"},\"inLanguage\":\"en-US\",\"potentialAction\":[{\"@type\":\"ReadAction\",\"target\":[\"https:\/\/egonbrandstetter.de\/en\/legal-notice\/\"]}]},{\"@type\":\"BreadcrumbList\",\"@id\":\"https:\/\/egonbrandstetter.de\/en\/legal-notice\/#breadcrumb\",\"itemListElement\":[{\"@type\":\"ListItem\",\"position\":1,\"name\":\"Home\",\"item\":\"https:\/\/egonbrandstetter.de\/en\/\"},{\"@type\":\"ListItem\",\"position\":2,\"name\":\"Legal Notice\"}]},{\"@type\":\"WebSite\",\"@id\":\"https:\/\/egonbrandstetter.de\/en\/#website\",\"url\":\"https:\/\/egonbrandstetter.de\/en\/\",\"name\":\"\",\"description\":\"\",\"publisher\":{\"@id\":\"https:\/\/egonbrandstetter.de\/en\/#organization\"},\"potentialAction\":[{\"@type\":\"SearchAction\",\"target\":{\"@type\":\"EntryPoint\",\"urlTemplate\":\"https:\/\/egonbrandstetter.de\/en\/?s={search_term_string}\"},\"query-input\":\"required name=search_term_string\"}],\"inLanguage\":\"en-US\"},{\"@type\":[\"Organization\",\"Place\",\"LocalBusiness\"],\"@id\":\"https:\/\/egonbrandstetter.de\/en\/#organization\",\"name\":\"Egon Brandstetter Ma\u00dfschneider\",\"url\":\"https:\/\/egonbrandstetter.de\/en\/\",\"logo\":{\"@id\":\"https:\/\/egonbrandstetter.de\/en\/legal-notice\/#local-main-organization-logo\"},\"image\":{\"@id\":\"https:\/\/egonbrandstetter.de\/en\/legal-notice\/#local-main-organization-logo\"},\"sameAs\":[\"https:\/\/www.facebook.com\/egonbrandstetter\",\"https:\/\/www.instagram.com\/egonbrandstetter\/\",\"https:\/\/www.linkedin.com\/company\/egon-brandstetter-bespoke-tailor\",\"https:\/\/www.pinterest.de\/berlinbespoke\/\",\"https:\/\/g.page\/egonbrandstetter-massschneider?share\"],\"description\":\"Ma\u00dfschneider in Berlin Mitte. Egon Brandstetter blickt auf \u00fcber 25 Jahre Erfahrung als Herrenschneider zur\u00fcck. In unserer Ma\u00dfschneiderei bieten wir Ihnen neben Ma\u00dfanzug und Ma\u00dfhemd (Vollma\u00df) auch eine qualitativ hochwertige Ma\u00dfkonfektion an. Erg\u00e4nzt wird unser Angebot durch eine gro\u00dfe Auswahl an erlesenen Accessoires f\u00fcr den Herrn. Neben Ma\u00dfanz\u00fcgen, Ma\u00dfhemden und Sakko finden Sie in unserem Atelier auch Gesellschaftskleidung f\u00fcr feierliche Anl\u00e4sse wie Hochzeitsanzug, Cutaway, Smoking, Frack oder Dinner Jacket. Unsere Ma\u00dfanfertigungen werden in unserer Ma\u00dfschneiderei von Hand gefertigt. Auch als Kunde der Ma\u00dfkonfektion profitieren Sie nat\u00fcrlich von der fachlichen Expertise und der Leidenschaft unserer Ma\u00dfschneider f\u00fcr ihr Handwerk.\",\"legalName\":\"Brandstetter & Straub GbR\",\"address\":{\"@id\":\"https:\/\/egonbrandstetter.de\/en\/legal-notice\/#local-main-place-address\"},\"geo\":{\"@type\":\"GeoCoordinates\",\"latitude\":\"52.53538\",\"longitude\":\"13.37739\"},\"telephone\":[\"+493095618383\"],\"openingHoursSpecification\":[{\"@type\":\"OpeningHoursSpecification\",\"dayOfWeek\":[\"Monday\",\"Tuesday\",\"Wednesday\",\"Thursday\",\"Friday\"],\"opens\":\"10:00\",\"closes\":\"18:00\"},{\"@type\":\"OpeningHoursSpecification\",\"dayOfWeek\":[\"Saturday\"],\"opens\":\"12:00\",\"closes\":\"18:00\"},{\"@type\":\"OpeningHoursSpecification\",\"dayOfWeek\":[\"Sunday\"],\"opens\":\"00:00\",\"closes\":\"00:00\"}],\"email\":\"info@egonbrandstetter.de\",\"vatID\":\"DE299543966\",\"priceRange\":\"$$$$\",\"currenciesAccepted\":\"EUR\"},{\"@type\":\"PostalAddress\",\"@id\":\"https:\/\/egonbrandstetter.de\/en\/legal-notice\/#local-main-place-address\",\"streetAddress\":\"Chausseestrasse 50\",\"addressLocality\":\"Berlin\",\"postalCode\":\"10115\",\"addressRegion\":\"Berlin\",\"addressCountry\":\"DE\"},{\"@type\":\"ImageObject\",\"inLanguage\":\"en-US\",\"@id\":\"https:\/\/egonbrandstetter.de\/en\/legal-notice\/#local-main-organization-logo\",\"url\":\"https:\/\/egonbrandstetter.de\/wp-content\/uploads\/2024\/08\/EB-Logo-Yoast-Local-SEO.png\",\"contentUrl\":\"https:\/\/egonbrandstetter.de\/wp-content\/uploads\/2024\/08\/EB-Logo-Yoast-Local-SEO.png\",\"width\":696,\"height\":696,\"caption\":\"Egon Brandstetter Ma\u00dfschneider\"}]}<\/script>\n<meta name=\"geo.placename\" content=\"Berlin\" \/>\n<meta name=\"geo.position\" content=\"52.53538;13.37739\" \/>\n<meta name=\"geo.region\" content=\"Germany\" \/>\n<!-- \/ Yoast SEO Premium plugin. -->","yoast_head_json":{"title":"Legal Notice","robots":{"index":"index","follow":"follow","max-snippet":"max-snippet:-1","max-image-preview":"max-image-preview:large","max-video-preview":"max-video-preview:-1"},"canonical":"https:\/\/egonbrandstetter.de\/en\/legal-notice\/","og_locale":"en_US","og_type":"article","og_title":"Legal Notice","og_url":"https:\/\/egonbrandstetter.de\/en\/legal-notice\/","article_publisher":"https:\/\/www.facebook.com\/egonbrandstetter","article_modified_time":"2022-05-24T15:43:36+00:00","twitter_card":"summary_large_image","twitter_misc":{"Est. reading time":"4 minutes"},"schema":{"@context":"https:\/\/schema.org","@graph":[{"@type":"WebPage","@id":"https:\/\/egonbrandstetter.de\/en\/legal-notice\/","url":"https:\/\/egonbrandstetter.de\/en\/legal-notice\/","name":"Legal Notice","isPartOf":{"@id":"https:\/\/egonbrandstetter.de\/en\/#website"},"datePublished":"2015-03-30T22:42:50+00:00","dateModified":"2022-05-24T15:43:36+00:00","breadcrumb":{"@id":"https:\/\/egonbrandstetter.de\/en\/legal-notice\/#breadcrumb"},"inLanguage":"en-US","potentialAction":[{"@type":"ReadAction","target":["https:\/\/egonbrandstetter.de\/en\/legal-notice\/"]}]},{"@type":"BreadcrumbList","@id":"https:\/\/egonbrandstetter.de\/en\/legal-notice\/#breadcrumb","itemListElement":[{"@type":"ListItem","position":1,"name":"Home","item":"https:\/\/egonbrandstetter.de\/en\/"},{"@type":"ListItem","position":2,"name":"Legal Notice"}]},{"@type":"WebSite","@id":"https:\/\/egonbrandstetter.de\/en\/#website","url":"https:\/\/egonbrandstetter.de\/en\/","name":"","description":"","publisher":{"@id":"https:\/\/egonbrandstetter.de\/en\/#organization"},"potentialAction":[{"@type":"SearchAction","target":{"@type":"EntryPoint","urlTemplate":"https:\/\/egonbrandstetter.de\/en\/?s={search_term_string}"},"query-input":"required name=search_term_string"}],"inLanguage":"en-US"},{"@type":["Organization","Place","LocalBusiness"],"@id":"https:\/\/egonbrandstetter.de\/en\/#organization","name":"Egon Brandstetter Ma\u00dfschneider","url":"https:\/\/egonbrandstetter.de\/en\/","logo":{"@id":"https:\/\/egonbrandstetter.de\/en\/legal-notice\/#local-main-organization-logo"},"image":{"@id":"https:\/\/egonbrandstetter.de\/en\/legal-notice\/#local-main-organization-logo"},"sameAs":["https:\/\/www.facebook.com\/egonbrandstetter","https:\/\/www.instagram.com\/egonbrandstetter\/","https:\/\/www.linkedin.com\/company\/egon-brandstetter-bespoke-tailor","https:\/\/www.pinterest.de\/berlinbespoke\/","https:\/\/g.page\/egonbrandstetter-massschneider?share"],"description":"Ma\u00dfschneider in Berlin Mitte. Egon Brandstetter blickt auf \u00fcber 25 Jahre Erfahrung als Herrenschneider zur\u00fcck. In unserer Ma\u00dfschneiderei bieten wir Ihnen neben Ma\u00dfanzug und Ma\u00dfhemd (Vollma\u00df) auch eine qualitativ hochwertige Ma\u00dfkonfektion an. Erg\u00e4nzt wird unser Angebot durch eine gro\u00dfe Auswahl an erlesenen Accessoires f\u00fcr den Herrn. Neben Ma\u00dfanz\u00fcgen, Ma\u00dfhemden und Sakko finden Sie in unserem Atelier auch Gesellschaftskleidung f\u00fcr feierliche Anl\u00e4sse wie Hochzeitsanzug, Cutaway, Smoking, Frack oder Dinner Jacket. Unsere Ma\u00dfanfertigungen werden in unserer Ma\u00dfschneiderei von Hand gefertigt. Auch als Kunde der Ma\u00dfkonfektion profitieren Sie nat\u00fcrlich von der fachlichen Expertise und der Leidenschaft unserer Ma\u00dfschneider f\u00fcr ihr Handwerk.","legalName":"Brandstetter & Straub GbR","address":{"@id":"https:\/\/egonbrandstetter.de\/en\/legal-notice\/#local-main-place-address"},"geo":{"@type":"GeoCoordinates","latitude":"52.53538","longitude":"13.37739"},"telephone":["+493095618383"],"openingHoursSpecification":[{"@type":"OpeningHoursSpecification","dayOfWeek":["Monday","Tuesday","Wednesday","Thursday","Friday"],"opens":"10:00","closes":"18:00"},{"@type":"OpeningHoursSpecification","dayOfWeek":["Saturday"],"opens":"12:00","closes":"18:00"},{"@type":"OpeningHoursSpecification","dayOfWeek":["Sunday"],"opens":"00:00","closes":"00:00"}],"email":"info@egonbrandstetter.de","vatID":"DE299543966","priceRange":"$$$$","currenciesAccepted":"EUR"},{"@type":"PostalAddress","@id":"https:\/\/egonbrandstetter.de\/en\/legal-notice\/#local-main-place-address","streetAddress":"Chausseestrasse 50","addressLocality":"Berlin","postalCode":"10115","addressRegion":"Berlin","addressCountry":"DE"},{"@type":"ImageObject","inLanguage":"en-US","@id":"https:\/\/egonbrandstetter.de\/en\/legal-notice\/#local-main-organization-logo","url":"https:\/\/egonbrandstetter.de\/wp-content\/uploads\/2024\/08\/EB-Logo-Yoast-Local-SEO.png","contentUrl":"https:\/\/egonbrandstetter.de\/wp-content\/uploads\/2024\/08\/EB-Logo-Yoast-Local-SEO.png","width":696,"height":696,"caption":"Egon Brandstetter Ma\u00dfschneider"}]},"geo.placename":"Berlin","geo.position":{"lat":"52.53538","long":"13.37739"},"geo.region":"Germany"},"_links":{"self":[{"href":"https:\/\/egonbrandstetter.de\/en\/wp-json\/wp\/v2\/pages\/23"}],"collection":[{"href":"https:\/\/egonbrandstetter.de\/en\/wp-json\/wp\/v2\/pages"}],"about":[{"href":"https:\/\/egonbrandstetter.de\/en\/wp-json\/wp\/v2\/types\/page"}],"author":[{"embeddable":true,"href":"https:\/\/egonbrandstetter.de\/en\/wp-json\/wp\/v2\/users\/1"}],"replies":[{"embeddable":true,"href":"https:\/\/egonbrandstetter.de\/en\/wp-json\/wp\/v2\/comments?post=23"}],"version-history":[{"count":0,"href":"https:\/\/egonbrandstetter.de\/en\/wp-json\/wp\/v2\/pages\/23\/revisions"}],"wp:attachment":[{"href":"https:\/\/egonbrandstetter.de\/en\/wp-json\/wp\/v2\/media?parent=23"}],"curies":[{"name":"wp","href":"https:\/\/api.w.org\/{rel}","templated":true}]}}